{"id":1113,"date":"2023-06-08T19:19:17","date_gmt":"2023-06-08T17:19:17","guid":{"rendered":"https:\/\/ganesheclectico.com\/?page_id=1113"},"modified":"2023-06-09T10:45:09","modified_gmt":"2023-06-09T08:45:09","slug":"declaracion-de-accesibilidad","status":"publish","type":"page","link":"https:\/\/ganesheclectico.com\/en\/declaracion-de-accesibilidad\/","title":{"rendered":"Declaraci\u00f3n de accesibilidad"},"content":{"rendered":"\t\t<div data-elementor-type=\"wp-page\" data-elementor-id=\"1113\" class=\"elementor elementor-1113\">\n\t\t\t\t\t\t<section class=\"elementor-section elementor-top-section elementor-element elementor-element-17e0132 elementor-section-boxed elementor-section-height-default elementor-section-height-default\" data-id=\"17e0132\" data-element_type=\"section\">\n\t\t\t\t\t\t<div class=\"elementor-container elementor-column-gap-default\">\n\t\t\t\t\t<div class=\"elementor-column elementor-col-100 elementor-top-column elementor-element elementor-element-c113679\" data-id=\"c113679\" data-element_type=\"column\">\n\t\t\t<div class=\"elementor-widget-wrap elementor-element-populated\">\n\t\t\t\t\t\t<div class=\"elementor-element elementor-element-20c3eed elementor-widget elementor-widget-text-editor\" data-id=\"20c3eed\" data-element_type=\"widget\" data-widget_type=\"text-editor.default\">\n\t\t\t\t<div class=\"elementor-widget-container\">\n\t\t\t\t\t\t\t<p>GANESH ECL\u00c9CTICO se ha comprometido a hacer accesible <a href=\"https:\/\/ganesheclectico.com\">https:\/\/ganesheclectico.com<\/a> , de conformidad con el <a href=\"https:\/\/www.boe.es\/buscar\/act.php?id=BOE-A-2018-12699\" target=\"_blank\" rel=\"noreferrer noopener\">Real Decreto 1112\/2018, de 7 de septiembre, sobre accesibilidad de los sitios web y aplicaciones para dispositivos m\u00f3viles del sector p\u00fablico<\/a>.<br \/>La presente declaraci\u00f3n de accesibilidad se aplica al dominio https:\/\/ganesheclectico.com<\/p><h4>Situaci\u00f3n de cumplimiento<\/h4><p>Este sitio web es parcialmente conforme con el RD 1112\/2018 debido a las excepciones y a la falta de conformidad de los aspectos que se indican a continuaci\u00f3n.<\/p><h4>Contenido no accesible<\/h4><p>El contenido que se recoge a continuaci\u00f3n no es accesible por lo siguiente:<\/p><ul><li><strong>Falta de conformidad con el RD 1112\/2018:<\/strong><\/li><li style=\"list-style-type: none;\"><ul><li>En algunas p\u00e1ginas el contraste de los componentes de interfaz de usuario y de objetos gr\u00e1ficos podr\u00eda no llegar al 3:1 con los colores adyacentes. [requisito n\u00famero 9.1.4.11 de la norma UNE-EN 301549:2019 contraste no textual].<\/li><li>Cuando un elemento recibe el puntero o el foco del teclado se muestra contenido adicional que no es posible descartar sin necesidad de mover el puntero o cambiar el foco del rat\u00f3n [requisito n\u00famero 9.1.4.13 Contenido se\u00f1alado con el puntero o que tiene el foco de EN 301549 v2.1.2 \u2013 2018].<\/li><li>Existen elementos que no son accesibles por teclado, como por ejemplo enlaces a redes sociales, el editor de textos para comentarios, elementos para ordenar resultados\u00a0de b\u00fasqueda, la paginaci\u00f3n de los resultados de b\u00fasqueda o las flechas de calendario\u00a0[requisito n\u00famero 9.2.1.1 Teclado, de UNE-EN 301549:2022].<\/li><li>Puntualmente podr\u00eda no ser posible mover el foco a alg\u00fan componente usando el teclado [requisito n\u00famero 9.2.1.2 de la norma UNE-EN 301549:2022 Sin trampas para el foco del teclado].<\/li><li>Existen atajos de teclado que no funcionan [requisito n\u00famero 9.2.1.4 Atajos el teclado, de UNE-EN 301549:2019].<\/li><li>Hay establecido alguna limitaci\u00f3n de tiempo que no se puede detener, ajustar o extender [requisito n\u00famero 9.2.2.1 de la norma UNE-EN 301549:2021-03 Tiempo ajustable]<\/li><li>En algunas p\u00e1ginas no existe el mecanismo para omitir bloques de contenido que se repiten en varias p\u00e1ginas. [requisito n\u00famero 9.2.4.1 de la norma UNE-EN 301549:2019 evitar bloques]<\/li><li>En algunas p\u00e1ginas no se reconoce que elemento recibe el foco [requisito n\u00famero 9.2.4.7 de la norma UNE-EN 301549:2019 foco visible]<\/li><li>Existen errores puntuales en el acceso t\u00e1ctil para operar alg\u00fan contenido con un solo puntero [requisito n\u00famero 9.2.5.1 Gestos con el puntero de UNE-EN 301549:2022].<\/li><li>Los elementos de navegaci\u00f3n de la agenda no permiten la cancelaci\u00f3n del puntero [requisito n\u00famero 9.2.5.2 Cancelaci\u00f3n del puntero de UNE-EN 301549:2019]<\/li><li>Existen campos de formularios o botones donde el texto visible que act\u00faa como su etiqueta no forma parte de su nombre accesible [requisito n\u00famero 9.2.5.3 Inclusi\u00f3n de la etiqueta en el nombre de EN 301549 v2.1.2 \u2013 2018].<\/li><li>Activaci\u00f3n mediante movimiento. [requisito n\u00famero 9.2.5.4 Activaci\u00f3n mediante movimiento]<\/li><li>En algunas p\u00e1ginas al recibir el foco del interfaz de usuario se podr\u00eda iniciar un cambio de contexto autom\u00e1tico [requisito n\u00famero 9.3.2.1 de la norma UNE-EN 301549:2021-03 al recibir el foco]<\/li><li>La interacci\u00f3n del usuario con alg\u00fan control provoca cambios de p\u00e1gina sin advertirlo previamente. [requisito n\u00famero 9.3.2.2 de la norma UNE-EN 301549:2019 al recibir entradas]<\/li><li>Algunos widgets nativos podr\u00edan no contener una etiqueta con las instrucciones de su funcionalidad [requisito n\u00famero 9.3.3.2 Etiquetas o instrucciones de UNE-EN 301549:2022].<\/li><li>Existen campos de formularios donde se informa del error cuando se introduce un valor incorrecto pero no se informa de una sugerencia para su correcci\u00f3n [requisito n\u00famero 9.3.3.3. Sugerencias ante errores, de UNE-EN 301549:2022].<\/li><li>No es posible la rectificar los datos enviados en un formulario para ello se tendr\u00eda que enviar de nuevo. [requisito 9.3.3.4 Prevenci\u00f3n de errores (legales, financieros, de datos) (Condicional)].<\/li><li>En algunas p\u00e1ginas los componentes de interfaz de usuario como elementos de formulario, enlaces y componentes generados por script no siguen la estructura recomendada por las pautas de accesibilidad. [requisito n\u00famero 9.4.1.2 de la norma UNE-EN 301549:2019 Nombre, funci\u00f3n, valor]<\/li><li>Se incumplen algunos de los requisitos WCAG 2.1\u00a0[requisito\u00a09.6\u00a0de UNE-EN 301549:2022].<\/li><li>Preservaci\u00f3n de la informaci\u00f3n de accesibilidad durante las transformaciones. [requisito 11.8.3]<\/li><li>Servicio de reparaci\u00f3n. [requisito 11.8.4]<\/li><li>Podr\u00edan existir fallos puntuales de edici\u00f3n en alguna p\u00e1gina web.<\/li><\/ul><\/li><\/ul><ul><li><strong>Carga desproporcionada:<\/strong> No aplica.<\/li><li style=\"list-style-type: none;\"><ul><li><strong>El contenido no entra dentro del \u00e1mbito de la legislaci\u00f3n aplicable:<\/strong> Podr\u00edan existir documentos en PDF u otros formatos ofim\u00e1ticos y contenidos multimedia que no cumplan en su totalidad los requisitos de accesibilidad exigidos. Contenidos de terceros que no est\u00e9n financiados ni desarrollados por el sujeto obligado ni est\u00e9n bajo su control.<\/li><\/ul><\/li><\/ul><h4>Preparaci\u00f3n de la presente declaraci\u00f3n de accesibilidad<\/h4><p>La presente declaraci\u00f3n fue preparada el 17\/05\/2023.<\/p><p>El m\u00e9todo empleado para preparar la declaraci\u00f3n ha sido una autoevaluaci\u00f3n llevada a cabo por el propio organismo.<\/p><p>\u00daltima revisi\u00f3n de la declaraci\u00f3n: 17\/05\/2023.<\/p><h4>Observaciones y datos de contacto<\/h4><p>Puede realizar comunicaciones sobre requisitos de accesibilidad (articulo 10.2.a del RD 1112\/2018) como por ejemplo:<\/p><ul><li>Informar sobre cualquier posible incumplimiento por parte de este sitio web<\/li><li>Transmitir otras dificultades de acceso al contenido<\/li><li>Formular cualquier otra consulta o sugerencia de mejora relativa a la accesibilidad del sitio web<\/li><\/ul><p>A trav\u00e9s del <a href=\"https:\/\/ganesheclectico.com\/formulario-de-contacto-accesibilidad\/\" target=\"_blank\" rel=\"noopener\">formulario de accesibilidad<\/a> de este sitio web o a trav\u00e9s del n\u00famero de tel\u00e9fono (+34) <span class=\"elementor-icon-list-text\">644 72 00 98<\/span>.<\/p><p>Puede presentar:<\/p><ul><li><strong>Queja\u00a0<\/strong>relativa al cumplimiento de los requisitos del RD 1112\/2018 o <strong>Solicitud de Informaci\u00f3n accesible<\/strong>\u00a0relativa a:<\/li><li style=\"list-style-type: none;\">\u00a0<\/li><\/ul><ul><li>Contenidos que est\u00e1n excluidos del \u00e1mbito de aplicaci\u00f3n del RD 1112\/2018 seg\u00fan lo establecido por el art\u00edculo 3, apartado 4.<\/li><\/ul><ul><li>Contenidos que est\u00e1n exentos del cumplimiento de los requisitos de accesibilidad por imponer una carga desproporcionada.<\/li><\/ul><p>En la Solicitud de informaci\u00f3n accesible, se debe concretar, con toda claridad, los hechos, razones y petici\u00f3n que permitan constatar que se trata de una solicitud razonable y leg\u00edtima.<\/p><p>Las comunicaciones ser\u00e1n recibidas y tratadas por la direcci\u00f3n de la empresa.<\/p><h4>Procedimiento de aplicaci\u00f3n<\/h4><p>Si una vez realizada una solicitud de informaci\u00f3n accesible o queja, esta hubiera sido desestimada, no se estuviera de acuerdo con la decisi\u00f3n adoptada, o la respuesta no cumpliera los requisitos contemplados en el art\u00edculo 12.5, la persona interesada podr\u00e1 iniciar una reclamaci\u00f3n. Igualmente se podr\u00e1 iniciar una reclamaci\u00f3n en el caso de que haya trascurrido el plazo de veinte d\u00edas h\u00e1biles sin haber obtenido respuesta.<\/p><p>La reclamaci\u00f3n puede ser presentada trav\u00e9s del tr\u00e1mite de\u00a0<a href=\"https:\/\/www.educacionyfp.gob.es\/servicios-al-ciudadano\/catalogo\/varios\/quejas-sugerencias.html\" target=\"_blank\" rel=\"noreferrer noopener\">Quejas y sugerencias<\/a>\u00a0del Ministerio de Educaci\u00f3n y Formaci\u00f3n Profesional, as\u00ed como del resto de opciones recogidas en la Ley 39\/ 2015, de 1 de octubre, del Procedimiento Administrativo Com\u00fan de las Administraciones P\u00fablicas. Las reclamaciones ser\u00e1n recibidas y tratadas por la Subdirecci\u00f3n General de Inspecci\u00f3n de Servicios del Ministerio.<\/p><h4>Contenido opcional<\/h4><p>El sitio web est\u00e1 optimizado para los principales navegadores.\u00a0Adem\u00e1s de las ayudas de accesibilidad propias de los navegadores y sistemas operativos, se incorpora un plugin de accesibilidad que facilita la navegaci\u00f3n a trav\u00e9s del sitio web, el cual proporciona:<\/p><ul><li>Aumento tama\u00f1o texto<\/li><li>Disminuci\u00f3n tama\u00f1o texto<\/li><li>Escala de grises<\/li><li>Alto contraste<\/li><li>Contraste negativo<\/li><li>Fondo claro<\/li><li>Subrayar enlaces<\/li><li>Fuente legible<\/li><li>Restablecer ajustes<\/li><\/ul><p>Estas son algunas de las ayudas que permiten actualmente a las personas acceder a toda la informaci\u00f3n publicada en cualquiera de los formatos que est\u00e1n dentro del sitio web. El sitio web est\u00e1 dise\u00f1ado para su visualizaci\u00f3n Responsive, con lo que se visualiza de forma \u00f3ptima en los dispositivos tablet y m\u00f3viles.<\/p><p>Este sitio web actualmente se encuentra en continua modificaci\u00f3n y actualizaci\u00f3n para seguir corrigiendo errores y adaptarlos en lo relativo a la accesibilidad.<\/p>\t\t\t\t\t\t<\/div>\n\t\t\t\t<\/div>\n\t\t\t\t\t<\/div>\n\t\t<\/div>\n\t\t\t\t\t<\/div>\n\t\t<\/section>\n\t\t\t\t<\/div>\n\t\t","protected":false},"excerpt":{"rendered":"<p>GANESH ECL\u00c9CTICO se ha comprometido a hacer accesible https:\/\/ganesheclectico.com , de conformidad con el Real Decreto 1112\/2018, de 7 de septiembre, sobre accesibilidad de los sitios web y aplicaciones para dispositivos m\u00f3viles del sector p\u00fablico.La presente declaraci\u00f3n de accesibilidad se aplica al dominio https:\/\/ganesheclectico.com Situaci\u00f3n de cumplimiento Este sitio web es parcialmente conforme con el [&hellip;]<\/p>\n","protected":false},"author":2,"featured_media":0,"parent":0,"menu_order":0,"comment_status":"closed","ping_status":"closed","template":"","meta":{"om_disable_all_campaigns":false,"_monsterinsights_skip_tracking":false,"_monsterinsights_sitenote_active":false,"_monsterinsights_sitenote_note":"","_monsterinsights_sitenote_category":0,"site-sidebar-layout":"no-sidebar","site-content-layout":"page-builder","ast-site-content-layout":"default","site-content-style":"default","site-sidebar-style":"default","ast-global-header-display":"","ast-banner-title-visibility":"","ast-main-header-display":"","ast-hfb-above-header-display":"","ast-hfb-below-header-display":"","ast-hfb-mobile-header-display":"","site-post-title":"disabled","ast-breadcrumbs-content":"","ast-featured-img":"disabled","footer-sml-layout":"","ast-disable-related-posts":"","theme-transparent-header-meta":"","adv-header-id-meta":"","stick-header-meta":"","header-above-stick-meta":"","header-main-stick-meta":"","header-below-stick-meta":"","astra-migrate-meta-layouts":"default","ast-page-background-enabled":"default","ast-page-background-meta":{"desktop":{"background-color":"var(--ast-global-color-4)","background-image":"","background-repeat":"repeat","background-position":"center center","background-size":"auto","background-attachment":"scroll","background-type":"","background-media":"","overlay-type":"","overlay-color":"","overlay-opacity":"","overlay-gradient":""},"tablet":{"background-color":"","background-image":"","background-repeat":"repeat","background-position":"center center","background-size":"auto","background-attachment":"scroll","background-type":"","background-media":"","overlay-type":"","overlay-color":"","overlay-opacity":"","overlay-gradient":""},"mobile":{"background-color":"","background-image":"","background-repeat":"repeat","background-position":"center center","background-size":"auto","background-attachment":"scroll","background-type":"","background-media":"","overlay-type":"","overlay-color":"","overlay-opacity":"","overlay-gradient":""}},"ast-content-background-meta":{"desktop":{"background-color":"var(--ast-global-color-5)","background-image":"","background-repeat":"repeat","background-position":"center center","background-size":"auto","background-attachment":"scroll","background-type":"","background-media":"","overlay-type":"","overlay-color":"","overlay-opacity":"","overlay-gradient":""},"tablet":{"background-color":"var(--ast-global-color-5)","background-image":"","background-repeat":"repeat","background-position":"center center","background-size":"auto","background-attachment":"scroll","background-type":"","background-media":"","overlay-type":"","overlay-color":"","overlay-opacity":"","overlay-gradient":""},"mobile":{"background-color":"var(--ast-global-color-5)","background-image":"","background-repeat":"repeat","background-position":"center center","background-size":"auto","background-attachment":"scroll","background-type":"","background-media":"","overlay-type":"","overlay-color":"","overlay-opacity":"","overlay-gradient":""}},"footnotes":""},"class_list":["post-1113","page","type-page","status-publish","hentry"],"aioseo_notices":[],"_links":{"self":[{"href":"https:\/\/ganesheclectico.com\/en\/wp-json\/wp\/v2\/pages\/1113","targetHints":{"allow":["GET"]}}],"collection":[{"href":"https:\/\/ganesheclectico.com\/en\/wp-json\/wp\/v2\/pages"}],"about":[{"href":"https:\/\/ganesheclectico.com\/en\/wp-json\/wp\/v2\/types\/page"}],"author":[{"embeddable":true,"href":"https:\/\/ganesheclectico.com\/en\/wp-json\/wp\/v2\/users\/2"}],"replies":[{"embeddable":true,"href":"https:\/\/ganesheclectico.com\/en\/wp-json\/wp\/v2\/comments?post=1113"}],"version-history":[{"count":19,"href":"https:\/\/ganesheclectico.com\/en\/wp-json\/wp\/v2\/pages\/1113\/revisions"}],"predecessor-version":[{"id":1147,"href":"https:\/\/ganesheclectico.com\/en\/wp-json\/wp\/v2\/pages\/1113\/revisions\/1147"}],"wp:attachment":[{"href":"https:\/\/ganesheclectico.com\/en\/wp-json\/wp\/v2\/media?parent=1113"}],"curies":[{"name":"wp","href":"https:\/\/api.w.org\/{rel}","templated":true}]}}