{"id":1150,"date":"2023-06-14T10:50:38","date_gmt":"2023-06-14T08:50:38","guid":{"rendered":"https:\/\/ganesheclectico.com\/?page_id=1150"},"modified":"2023-06-14T12:45:52","modified_gmt":"2023-06-14T10:45:52","slug":"alergenos","status":"publish","type":"page","link":"https:\/\/ganesheclectico.com\/en\/alergenos\/","title":{"rendered":"Allergens"},"content":{"rendered":"<div data-elementor-type=\"wp-page\" data-elementor-id=\"1150\" class=\"elementor elementor-1150\">\n\t\t\t\t\t\t<section class=\"elementor-section elementor-top-section elementor-element elementor-element-2a24acab elementor-section-full_width elementor-section-stretched elementor-section-height-default elementor-section-height-default\" data-id=\"2a24acab\" data-element_type=\"section\" data-settings=\"{&quot;background_background&quot;:&quot;classic&quot;,&quot;stretch_section&quot;:&quot;section-stretched&quot;}\">\n\t\t\t\t\t\t\t<div class=\"elementor-background-overlay\"><\/div>\n\t\t\t\t\t\t\t<div class=\"elementor-container elementor-column-gap-no\">\n\t\t\t\t\t<div class=\"elementor-column elementor-col-100 elementor-top-column elementor-element elementor-element-5aeb5927\" data-id=\"5aeb5927\" data-element_type=\"column\">\n\t\t\t<div class=\"elementor-widget-wrap elementor-element-populated\">\n\t\t\t\t\t\t<div class=\"elementor-element elementor-element-13c29727 elementor-widget elementor-widget-heading\" data-id=\"13c29727\" data-element_type=\"widget\" data-widget_type=\"heading.default\">\n\t\t\t\t<div class=\"elementor-widget-container\">\n\t\t\t<h2 class=\"elementor-heading-title elementor-size-default\">Allergen list<\/h2>\t\t<\/div>\n\t\t\t\t<\/div>\n\t\t\t\t\t<\/div>\n\t\t<\/div>\n\t\t\t\t\t<\/div>\n\t\t<\/section>\n\t\t\t\t<section class=\"elementor-section elementor-top-section elementor-element elementor-element-6a92ea1 elementor-section-boxed elementor-section-height-default elementor-section-height-default\" data-id=\"6a92ea1\" data-element_type=\"section\">\n\t\t\t\t\t\t<div class=\"elementor-container elementor-column-gap-default\">\n\t\t\t\t\t<div class=\"elementor-column elementor-col-100 elementor-top-column elementor-element elementor-element-9de7216\" data-id=\"9de7216\" data-element_type=\"column\">\n\t\t\t<div class=\"elementor-widget-wrap elementor-element-populated\">\n\t\t\t\t\t\t<div class=\"elementor-element elementor-element-4cbdf4d elementor-widget elementor-widget-text-editor\" data-id=\"4cbdf4d\" data-element_type=\"widget\" data-widget_type=\"text-editor.default\">\n\t\t\t\t<div class=\"elementor-widget-container\">\n\t\t\t\t\t\t\t<p>Los al\u00e9rgenos reflejados en esta lista son de los platos originales, disponemos de varias adaptaciones en muchos de ellos para ofrecer un plato vegano, cel\u00edaco o incluso sin lactosa. Para m\u00e1s informaci\u00f3n, consulte con nuestro personal.<\/p><ul><li>Pyttipanna &#8211; Huevos y sulfitos<\/li><li>Tikka masala de pollo &#8211; L\u00e1cteos<\/li><li>Tikka masala de soja &#8211; Soja<\/li><li>Fish and chips &#8211; L\u00e1cteos, huevos, pescado y sulfitos<\/li><li>At\u00fan bereber &#8211; Gluten y pescado<\/li><li>Jack Daniel&#8217;s Angus &#8211; Gluten, l\u00e1cteos y sulfitos<\/li><li>Humus &#8211; Gluten y s\u00e9samo<\/li><li>Palomitas de soja &#8211; Soja<\/li><li>Edamame &#8211; S\u00e9samo y soja<\/li><li>Muhammara &#8211; Gluten, s\u00e9samo y nueces<\/li><li>Ensalada Ganesh &#8211; L\u00e1cteos, nueces y sulfitos<\/li><li>Falafel &#8211; L\u00e1cteos<\/li><li>Samosas &#8211; Gluten y soja<\/li><li>Tortitas de Heura Kimchi &#8211; Soja<\/li><li>Yakitori de pollo &#8211; Gluten, s\u00e9samo y soja<\/li><li>Tacos Mexicanos &#8211; Gluten, l\u00e1cteos y soja<\/li><li>Baba Ganoush &#8211; Gluten y s\u00e9samo<\/li><li>B\u00f6rek &#8211; Gluten y l\u00e1cteos<\/li><li>Bravas Ganesh &#8211; S\u00e9samo<\/li><li>Nachos Tex Mex &#8211; Gluten, l\u00e1cteos y soja<\/li><li>Guacamole con totopos &#8211; No tiene ning\u00fan al\u00e9rgeno<\/li><li>Romanoff &#8211; L\u00e1cteos<\/li><li>Jack Daniel&#8217;s Veggie &#8211; Gluten, l\u00e1cteos, s\u00e9samo y sulfitos<\/li><li>Jack Daniel&#8217;s Beyond Meat &#8211; Gluten, l\u00e1cteos y sulfitos<\/li><li>Cheesecake &#8211; Gluten y l\u00e1cteos<\/li><li>Pasteis de Belem &#8211; Gluten, l\u00e1cteos y huevos<\/li><li>Brownie con caramelo salado &#8211; L\u00e1cteos y huevos<\/li><li>Baklava &#8211; Gluten, frutos secos, nueces y l\u00e1cteos<\/li><li>Tembleque &#8211; No tiene ning\u00fan al\u00e9rgeno<\/li><li>Pad Thai de gambas y tofu &#8211; Frutos secos, huevos, pescado y cacahuetes<\/li><li>Pollo crunchy incluido en el men\u00fa infantil &#8211; Gluten<\/li><li>Brigadeiros de caf\u00e9 y cacao &#8211; Gluten, frutos secos, l\u00e1cteos y soja<\/li><li>Pakoras &#8211; Lacteos<\/li><li>Tarta de Santiago &#8211; Frutos secos, huevos y l\u00e1cteos<\/li><li>Candy Chicken &#8211; Huevos, sulfitos, s\u00e9samo y soja<\/li><\/ul>\t\t\t\t\t\t<\/div>\n\t\t\t\t<\/div>\n\t\t\t\t\t<\/div>\n\t\t<\/div>\n\t\t\t\t\t<\/div>\n\t\t<\/section>\n\t\t\t\t<\/div>","protected":false},"excerpt":{"rendered":"<p>Listado de al\u00e9rgenos Los al\u00e9rgenos reflejados en esta lista son de los platos originales, disponemos de varias adaptaciones en muchos de ellos para ofrecer un plato vegano, cel\u00edaco o incluso sin lactosa. Para m\u00e1s informaci\u00f3n, consulte con nuestro personal. Pyttipanna &#8211; Huevos y sulfitos Tikka masala de pollo &#8211; L\u00e1cteos Tikka masala de soja &#8211; [&hellip;]<\/p>\n","protected":false},"author":2,"featured_media":0,"parent":0,"menu_order":0,"comment_status":"closed","ping_status":"closed","template":"","meta":{"om_disable_all_campaigns":false,"_monsterinsights_skip_tracking":false,"_monsterinsights_sitenote_active":false,"_monsterinsights_sitenote_note":"","_monsterinsights_sitenote_category":0,"site-sidebar-layout":"no-sidebar","site-content-layout":"page-builder","ast-site-content-layout":"default","site-content-style":"default","site-sidebar-style":"default","ast-global-header-display":"","ast-banner-title-visibility":"","ast-main-header-display":"","ast-hfb-above-header-display":"","ast-hfb-below-header-display":"","ast-hfb-mobile-header-display":"","site-post-title":"disabled","ast-breadcrumbs-content":"","ast-featured-img":"disabled","footer-sml-layout":"","ast-disable-related-posts":"","theme-transparent-header-meta":"","adv-header-id-meta":"","stick-header-meta":"","header-above-stick-meta":"","header-main-stick-meta":"","header-below-stick-meta":"","astra-migrate-meta-layouts":"default","ast-page-background-enabled":"default","ast-page-background-meta":{"desktop":{"background-color":"var(--ast-global-color-4)","background-image":"","background-repeat":"repeat","background-position":"center center","background-size":"auto","background-attachment":"scroll","background-type":"","background-media":"","overlay-type":"","overlay-color":"","overlay-opacity":"","overlay-gradient":""},"tablet":{"background-color":"","background-image":"","background-repeat":"repeat","background-position":"center center","background-size":"auto","background-attachment":"scroll","background-type":"","background-media":"","overlay-type":"","overlay-color":"","overlay-opacity":"","overlay-gradient":""},"mobile":{"background-color":"","background-image":"","background-repeat":"repeat","background-position":"center center","background-size":"auto","background-attachment":"scroll","background-type":"","background-media":"","overlay-type":"","overlay-color":"","overlay-opacity":"","overlay-gradient":""}},"ast-content-background-meta":{"desktop":{"background-color":"var(--ast-global-color-5)","background-image":"","background-repeat":"repeat","background-position":"center center","background-size":"auto","background-attachment":"scroll","background-type":"","background-media":"","overlay-type":"","overlay-color":"","overlay-opacity":"","overlay-gradient":""},"tablet":{"background-color":"var(--ast-global-color-5)","background-image":"","background-repeat":"repeat","background-position":"center center","background-size":"auto","background-attachment":"scroll","background-type":"","background-media":"","overlay-type":"","overlay-color":"","overlay-opacity":"","overlay-gradient":""},"mobile":{"background-color":"var(--ast-global-color-5)","background-image":"","background-repeat":"repeat","background-position":"center center","background-size":"auto","background-attachment":"scroll","background-type":"","background-media":"","overlay-type":"","overlay-color":"","overlay-opacity":"","overlay-gradient":""}},"footnotes":""},"class_list":["post-1150","page","type-page","status-publish","hentry"],"aioseo_notices":[],"_links":{"self":[{"href":"https:\/\/ganesheclectico.com\/en\/wp-json\/wp\/v2\/pages\/1150","targetHints":{"allow":["GET"]}}],"collection":[{"href":"https:\/\/ganesheclectico.com\/en\/wp-json\/wp\/v2\/pages"}],"about":[{"href":"https:\/\/ganesheclectico.com\/en\/wp-json\/wp\/v2\/types\/page"}],"author":[{"embeddable":true,"href":"https:\/\/ganesheclectico.com\/en\/wp-json\/wp\/v2\/users\/2"}],"replies":[{"embeddable":true,"href":"https:\/\/ganesheclectico.com\/en\/wp-json\/wp\/v2\/comments?post=1150"}],"version-history":[{"count":10,"href":"https:\/\/ganesheclectico.com\/en\/wp-json\/wp\/v2\/pages\/1150\/revisions"}],"predecessor-version":[{"id":1180,"href":"https:\/\/ganesheclectico.com\/en\/wp-json\/wp\/v2\/pages\/1150\/revisions\/1180"}],"wp:attachment":[{"href":"https:\/\/ganesheclectico.com\/en\/wp-json\/wp\/v2\/media?parent=1150"}],"curies":[{"name":"wp","href":"https:\/\/api.w.org\/{rel}","templated":true}]}}